{"id":473,"date":"2021-06-29T09:14:25","date_gmt":"2021-06-29T09:14:25","guid":{"rendered":"http:\/\/www.smas.es\/?page_id=473"},"modified":"2021-12-30T11:43:48","modified_gmt":"2021-12-30T11:43:48","slug":"otras-politicas","status":"publish","type":"page","link":"http:\/\/www.smas.es\/index.php\/otras-politicas\/","title":{"rendered":"Otras pol\u00edticas"},"content":{"rendered":"<section class=\"wpb-content-wrapper\"><p>[vc_row css_animation=\u00bb\u00bb row_type=\u00bbrow\u00bb use_row_as_full_screen_section=\u00bbno\u00bb type=\u00bbgrid\u00bb angled_section=\u00bbno\u00bb text_align=\u00bbleft\u00bb background_image_as_pattern=\u00bbwithout_pattern\u00bb css=\u00bb.vc_custom_1615456487983{margin-top: 25px !important;padding-top: 25px !important;padding-bottom: 25px !important;}\u00bb z_index=\u00bb\u00bb][vc_column][vc_row_inner row_type=\u00bbrow\u00bb type=\u00bbgrid\u00bb text_align=\u00bbleft\u00bb css_animation=\u00bb\u00bb css=\u00bb.vc_custom_1624520804129{padding-top: 20px !important;padding-right: 20px !important;padding-bottom: 20px !important;padding-left: 20px !important;}\u00bb][vc_column_inner][vc_column_text]En Skywater Medioambiente y Servicios no tenemos ninguna duda de que la \u00e9tica y la profesionalidad debe de ser el fundamento de toda nuestra actividad y estamos convencidos de que son las cualidades que asegurar\u00e1n el futuro de nuestra empresa. Es por eso que exponemos de buena gana nuestros c\u00f3digo \u00e9tico y pol\u00edticas empresariales.[\/vc_column_text][\/vc_column_inner][\/vc_row_inner][\/vc_column][\/vc_row][vc_row css_animation=\u00bb\u00bb row_type=\u00bbrow\u00bb use_row_as_full_screen_section=\u00bbno\u00bb type=\u00bbfull_width\u00bb angled_section=\u00bbno\u00bb text_align=\u00bbleft\u00bb background_image_as_pattern=\u00bbwithout_pattern\u00bb css=\u00bb.vc_custom_1624962794840{padding-top: 50px !important;padding-right: 75px !important;padding-bottom: 50px !important;padding-left: 75px !important;background-color: #ffffff !important;}\u00bb z_index=\u00bb\u00bb][vc_column css=\u00bb.vc_custom_1624961574051{padding-top: 25px !important;}\u00bb][vc_row_inner row_type=\u00bbrow\u00bb type=\u00bbfull_width\u00bb text_align=\u00bbleft\u00bb css_animation=\u00bb\u00bb css=\u00bb.vc_custom_1624962297236{margin-bottom: 50px !important;}\u00bb][vc_column_inner][qode_elements_holder number_of_columns=\u00bbtwo_columns\u00bb][qode_elements_holder_item vertical_alignment=\u00bbmiddle\u00bb horizontal_alignment=\u00bbleft\u00bb advanced_animations=\u00bbno\u00bb][vc_column_text]<\/p>\n<h2>C\u00f3digo \u00e9tico de conducta<\/h2>\n<p>[\/vc_column_text][\/qode_elements_holder_item][qode_elements_holder_item vertical_alignment=\u00bbmiddle\u00bb horizontal_alignment=\u00bbleft\u00bb advanced_animations=\u00bbno\u00bb][vc_single_image image=\u00bb477&#8243; img_size=\u00bbmedium\u00bb alignment=\u00bbcenter\u00bb style=\u00bbvc_box_shadow_3d\u00bb onclick=\u00bbcustom_link\u00bb img_link_target=\u00bb_blank\u00bb qode_css_animation=\u00bb\u00bb link=\u00bbhttp:\/\/www.smas.es\/wp-content\/uploads\/2021\/06\/SMAS_CODIGO-ETICO-Y-DE-CONDUCTA.pdf\u00bb][\/qode_elements_holder_item][\/qode_elements_holder][\/vc_column_inner][\/vc_row_inner][vc_row_inner row_type=\u00bbrow\u00bb type=\u00bbfull_width\u00bb text_align=\u00bbleft\u00bb css_animation=\u00bb\u00bb css=\u00bb.vc_custom_1624962297236{margin-bottom: 50px !important;}\u00bb][vc_column_inner][qode_elements_holder number_of_columns=\u00bbtwo_columns\u00bb][qode_elements_holder_item vertical_alignment=\u00bbmiddle\u00bb horizontal_alignment=\u00bbleft\u00bb advanced_animations=\u00bbno\u00bb][vc_column_text]<\/p>\n<h2>C\u00f3digo \u00e9tico de conducta para proveedores<\/h2>\n<p>[\/vc_column_text][\/qode_elements_holder_item][qode_elements_holder_item vertical_alignment=\u00bbmiddle\u00bb horizontal_alignment=\u00bbleft\u00bb advanced_animations=\u00bbno\u00bb][vc_single_image image=\u00bb499&#8243; img_size=\u00bbmedium\u00bb alignment=\u00bbcenter\u00bb style=\u00bbvc_box_shadow_3d\u00bb onclick=\u00bbcustom_link\u00bb img_link_target=\u00bb_blank\u00bb qode_css_animation=\u00bb\u00bb link=\u00bbhttp:\/\/www.smas.es\/wp-content\/uploads\/2021\/12\/SMAS_CODIGO_ETICO_Y_DE_CONDUCTA_PARA_PROVEEDORES_20211222.pdf\u00bb][\/qode_elements_holder_item][\/qode_elements_holder][\/vc_column_inner][\/vc_row_inner][vc_row_inner row_type=\u00bbrow\u00bb type=\u00bbfull_width\u00bb text_align=\u00bbleft\u00bb css_animation=\u00bb\u00bb css=\u00bb.vc_custom_1624962297236{margin-bottom: 50px !important;}\u00bb][vc_column_inner][qode_elements_holder number_of_columns=\u00bbtwo_columns\u00bb][qode_elements_holder_item vertical_alignment=\u00bbmiddle\u00bb horizontal_alignment=\u00bbleft\u00bb advanced_animations=\u00bbno\u00bb][vc_column_text]<\/p>\n<h2>Pol\u00edtica de Responsabilidad Social Corporativa<\/h2>\n<p>[\/vc_column_text][\/qode_elements_holder_item][qode_elements_holder_item vertical_alignment=\u00bbmiddle\u00bb horizontal_alignment=\u00bbleft\u00bb advanced_animations=\u00bbno\u00bb][vc_single_image image=\u00bb481&#8243; img_size=\u00bbmedium\u00bb alignment=\u00bbcenter\u00bb style=\u00bbvc_box_shadow_3d\u00bb onclick=\u00bbcustom_link\u00bb img_link_target=\u00bb_blank\u00bb qode_css_animation=\u00bb\u00bb link=\u00bbhttp:\/\/www.smas.es\/wp-content\/uploads\/2021\/06\/SMAS_Politica-RSC_V2.pdf\u00bb][\/qode_elements_holder_item][\/qode_elements_holder][\/vc_column_inner][\/vc_row_inner][vc_row_inner row_type=\u00bbrow\u00bb type=\u00bbfull_width\u00bb text_align=\u00bbleft\u00bb css_animation=\u00bb\u00bb css=\u00bb.vc_custom_1624962297236{margin-bottom: 50px !important;}\u00bb][vc_column_inner][qode_elements_holder number_of_columns=\u00bbtwo_columns\u00bb][qode_elements_holder_item vertical_alignment=\u00bbmiddle\u00bb horizontal_alignment=\u00bbleft\u00bb advanced_animations=\u00bbno\u00bb][vc_column_text]<\/p>\n<h2>Pol\u00edtica Anticorrupci\u00f3n y Soborno<\/h2>\n<p>[\/vc_column_text][\/qode_elements_holder_item][qode_elements_holder_item vertical_alignment=\u00bbmiddle\u00bb horizontal_alignment=\u00bbleft\u00bb advanced_animations=\u00bbno\u00bb][vc_single_image image=\u00bb479&#8243; img_size=\u00bbmedium\u00bb alignment=\u00bbcenter\u00bb style=\u00bbvc_box_shadow_3d\u00bb onclick=\u00bbcustom_link\u00bb img_link_target=\u00bb_blank\u00bb qode_css_animation=\u00bb\u00bb link=\u00bbhttp:\/\/www.smas.es\/wp-content\/uploads\/2021\/06\/Politica-anticorrupcion-y-soborno-001.png\u00bb][\/qode_elements_holder_item][\/qode_elements_holder][\/vc_column_inner][\/vc_row_inner][vc_row_inner row_type=\u00bbrow\u00bb type=\u00bbfull_width\u00bb text_align=\u00bbleft\u00bb css_animation=\u00bb\u00bb css=\u00bb.vc_custom_1624962297236{margin-bottom: 50px !important;}\u00bb][vc_column_inner][qode_elements_holder number_of_columns=\u00bbtwo_columns\u00bb][qode_elements_holder_item vertical_alignment=\u00bbmiddle\u00bb horizontal_alignment=\u00bbleft\u00bb advanced_animations=\u00bbno\u00bb][vc_column_text]<\/p>\n<h2>Pol\u00edtica de Prevenci\u00f3n de Riesgos Laborales<\/h2>\n<p>[\/vc_column_text][\/qode_elements_holder_item][qode_elements_holder_item vertical_alignment=\u00bbmiddle\u00bb horizontal_alignment=\u00bbleft\u00bb advanced_animations=\u00bbno\u00bb][vc_single_image image=\u00bb480&#8243; img_size=\u00bbmedium\u00bb alignment=\u00bbcenter\u00bb style=\u00bbvc_box_shadow_3d\u00bb onclick=\u00bbcustom_link\u00bb img_link_target=\u00bb_blank\u00bb qode_css_animation=\u00bb\u00bb link=\u00bbhttp:\/\/www.smas.es\/wp-content\/uploads\/2021\/06\/SMAS_Politica_Prevencion-Riesgos-Laborales.pdf\u00bb][\/qode_elements_holder_item][\/qode_elements_holder][\/vc_column_inner][\/vc_row_inner][\/vc_column][\/vc_row][vc_row css_animation=\u00bb\u00bb row_type=\u00bbrow\u00bb use_row_as_full_screen_section=\u00bbno\u00bb type=\u00bbfull_width\u00bb angled_section=\u00bbno\u00bb text_align=\u00bbleft\u00bb background_image_as_pattern=\u00bbwithout_pattern\u00bb][vc_column][vc_empty_space height=\u00bb75px\u00bb][\/vc_column][\/vc_row]<\/p>\n<\/section>","protected":false},"excerpt":{"rendered":"<p>[vc_row css_animation=\u00bb\u00bb row_type=\u00bbrow\u00bb use_row_as_full_screen_section=\u00bbno\u00bb type=\u00bbgrid\u00bb angled_section=\u00bbno\u00bb text_align=\u00bbleft\u00bb background_image_as_pattern=\u00bbwithout_pattern\u00bb css=\u00bb.vc_custom_1615456487983{margin-top: 25px !important;padding-top: 25px !important;padding-bottom: 25px !important;}\u00bb z_index=\u00bb\u00bb][vc_column][vc_row_inner row_type=\u00bbrow\u00bb type=\u00bbgrid\u00bb text_align=\u00bbleft\u00bb css_animation=\u00bb\u00bb css=\u00bb.vc_custom_1624520804129{padding-top: 20px !important;padding-right: 20px !important;padding-bottom: 20px !important;padding-left: 20px !important;}\u00bb][vc_column_inner][vc_column_text]En Skywater Medioambiente y Servicios no tenemos ninguna duda de que la \u00e9tica y la profesionalidad debe&#8230;<\/p>\n","protected":false},"author":1,"featured_media":0,"parent":0,"menu_order":0,"comment_status":"closed","ping_status":"closed","template":"","meta":{"content-type":""},"yoast_head":"<!-- This site is optimized with the Yoast SEO plugin v21.7 - https:\/\/yoast.com\/wordpress\/plugins\/seo\/ -->\n<title>Otras pol\u00edticas - Skywater Medioambiente y Servicios<\/title>\n<meta name=\"robots\" content=\"index, follow, max-snippet:-1, max-image-preview:large, max-video-preview:-1\" \/>\n<link rel=\"canonical\" href=\"http:\/\/www.smas.es\/index.php\/otras-politicas\/\" \/>\n<meta property=\"og:locale\" content=\"es_ES\" \/>\n<meta property=\"og:type\" content=\"article\" \/>\n<meta property=\"og:title\" content=\"Otras pol\u00edticas - Skywater Medioambiente y Servicios\" \/>\n<meta property=\"og:description\" content=\"[vc_row css_animation=\u00bb\u00bb row_type=\u00bbrow\u00bb use_row_as_full_screen_section=\u00bbno\u00bb type=\u00bbgrid\u00bb angled_section=\u00bbno\u00bb text_align=\u00bbleft\u00bb background_image_as_pattern=\u00bbwithout_pattern\u00bb css=\u00bb.vc_custom_1615456487983{margin-top: 25px !important;padding-top: 25px !important;padding-bottom: 25px !important;}\u00bb z_index=\u00bb\u00bb][vc_column][vc_row_inner row_type=\u00bbrow\u00bb type=\u00bbgrid\u00bb text_align=\u00bbleft\u00bb css_animation=\u00bb\u00bb css=\u00bb.vc_custom_1624520804129{padding-top: 20px !important;padding-right: 20px !important;padding-bottom: 20px !important;padding-left: 20px !important;}\u00bb][vc_column_inner][vc_column_text]En Skywater Medioambiente y Servicios no tenemos ninguna duda de que la \u00e9tica y la profesionalidad debe...\" \/>\n<meta property=\"og:url\" content=\"http:\/\/www.smas.es\/index.php\/otras-politicas\/\" \/>\n<meta property=\"og:site_name\" content=\"Skywater Medioambiente y Servicios\" \/>\n<meta property=\"article:modified_time\" content=\"2021-12-30T11:43:48+00:00\" \/>\n<meta name=\"twitter:card\" content=\"summary_large_image\" \/>\n<meta name=\"twitter:label1\" content=\"Tiempo de lectura\" \/>\n\t<meta name=\"twitter:data1\" content=\"2 minutos\" \/>\n<script type=\"application\/ld+json\" class=\"yoast-schema-graph\">{\"@context\":\"https:\/\/schema.org\",\"@graph\":[{\"@type\":\"WebPage\",\"@id\":\"http:\/\/www.smas.es\/index.php\/otras-politicas\/\",\"url\":\"http:\/\/www.smas.es\/index.php\/otras-politicas\/\",\"name\":\"Otras pol\u00edticas - Skywater Medioambiente y Servicios\",\"isPartOf\":{\"@id\":\"http:\/\/www.smas.es\/#website\"},\"datePublished\":\"2021-06-29T09:14:25+00:00\",\"dateModified\":\"2021-12-30T11:43:48+00:00\",\"breadcrumb\":{\"@id\":\"http:\/\/www.smas.es\/index.php\/otras-politicas\/#breadcrumb\"},\"inLanguage\":\"es\",\"potentialAction\":[{\"@type\":\"ReadAction\",\"target\":[\"http:\/\/www.smas.es\/index.php\/otras-politicas\/\"]}]},{\"@type\":\"BreadcrumbList\",\"@id\":\"http:\/\/www.smas.es\/index.php\/otras-politicas\/#breadcrumb\",\"itemListElement\":[{\"@type\":\"ListItem\",\"position\":1,\"name\":\"Home\",\"item\":\"http:\/\/www.smas.es\/\"},{\"@type\":\"ListItem\",\"position\":2,\"name\":\"Otras pol\u00edticas\"}]},{\"@type\":\"WebSite\",\"@id\":\"http:\/\/www.smas.es\/#website\",\"url\":\"http:\/\/www.smas.es\/\",\"name\":\"Skywater Medioambiente y Servicios\",\"description\":\"Plantas de tratamientos de agua comprometidas con el Medio Ambiente\",\"potentialAction\":[{\"@type\":\"SearchAction\",\"target\":{\"@type\":\"EntryPoint\",\"urlTemplate\":\"http:\/\/www.smas.es\/?s={search_term_string}\"},\"query-input\":\"required name=search_term_string\"}],\"inLanguage\":\"es\"}]}<\/script>\n<!-- \/ Yoast SEO plugin. -->","yoast_head_json":{"title":"Otras pol\u00edticas - Skywater Medioambiente y Servicios","robots":{"index":"index","follow":"follow","max-snippet":"max-snippet:-1","max-image-preview":"max-image-preview:large","max-video-preview":"max-video-preview:-1"},"canonical":"http:\/\/www.smas.es\/index.php\/otras-politicas\/","og_locale":"es_ES","og_type":"article","og_title":"Otras pol\u00edticas - Skywater Medioambiente y Servicios","og_description":"[vc_row css_animation=\u00bb\u00bb row_type=\u00bbrow\u00bb use_row_as_full_screen_section=\u00bbno\u00bb type=\u00bbgrid\u00bb angled_section=\u00bbno\u00bb text_align=\u00bbleft\u00bb background_image_as_pattern=\u00bbwithout_pattern\u00bb css=\u00bb.vc_custom_1615456487983{margin-top: 25px !important;padding-top: 25px !important;padding-bottom: 25px !important;}\u00bb z_index=\u00bb\u00bb][vc_column][vc_row_inner row_type=\u00bbrow\u00bb type=\u00bbgrid\u00bb text_align=\u00bbleft\u00bb css_animation=\u00bb\u00bb css=\u00bb.vc_custom_1624520804129{padding-top: 20px !important;padding-right: 20px !important;padding-bottom: 20px !important;padding-left: 20px !important;}\u00bb][vc_column_inner][vc_column_text]En Skywater Medioambiente y Servicios no tenemos ninguna duda de que la \u00e9tica y la profesionalidad debe...","og_url":"http:\/\/www.smas.es\/index.php\/otras-politicas\/","og_site_name":"Skywater Medioambiente y Servicios","article_modified_time":"2021-12-30T11:43:48+00:00","twitter_card":"summary_large_image","twitter_misc":{"Tiempo de lectura":"2 minutos"},"schema":{"@context":"https:\/\/schema.org","@graph":[{"@type":"WebPage","@id":"http:\/\/www.smas.es\/index.php\/otras-politicas\/","url":"http:\/\/www.smas.es\/index.php\/otras-politicas\/","name":"Otras pol\u00edticas - Skywater Medioambiente y Servicios","isPartOf":{"@id":"http:\/\/www.smas.es\/#website"},"datePublished":"2021-06-29T09:14:25+00:00","dateModified":"2021-12-30T11:43:48+00:00","breadcrumb":{"@id":"http:\/\/www.smas.es\/index.php\/otras-politicas\/#breadcrumb"},"inLanguage":"es","potentialAction":[{"@type":"ReadAction","target":["http:\/\/www.smas.es\/index.php\/otras-politicas\/"]}]},{"@type":"BreadcrumbList","@id":"http:\/\/www.smas.es\/index.php\/otras-politicas\/#breadcrumb","itemListElement":[{"@type":"ListItem","position":1,"name":"Home","item":"http:\/\/www.smas.es\/"},{"@type":"ListItem","position":2,"name":"Otras pol\u00edticas"}]},{"@type":"WebSite","@id":"http:\/\/www.smas.es\/#website","url":"http:\/\/www.smas.es\/","name":"Skywater Medioambiente y Servicios","description":"Plantas de tratamientos de agua comprometidas con el Medio Ambiente","potentialAction":[{"@type":"SearchAction","target":{"@type":"EntryPoint","urlTemplate":"http:\/\/www.smas.es\/?s={search_term_string}"},"query-input":"required name=search_term_string"}],"inLanguage":"es"}]}},"_links":{"self":[{"href":"http:\/\/www.smas.es\/index.php\/wp-json\/wp\/v2\/pages\/473"}],"collection":[{"href":"http:\/\/www.smas.es\/index.php\/wp-json\/wp\/v2\/pages"}],"about":[{"href":"http:\/\/www.smas.es\/index.php\/wp-json\/wp\/v2\/types\/page"}],"author":[{"embeddable":true,"href":"http:\/\/www.smas.es\/index.php\/wp-json\/wp\/v2\/users\/1"}],"replies":[{"embeddable":true,"href":"http:\/\/www.smas.es\/index.php\/wp-json\/wp\/v2\/comments?post=473"}],"version-history":[{"count":16,"href":"http:\/\/www.smas.es\/index.php\/wp-json\/wp\/v2\/pages\/473\/revisions"}],"predecessor-version":[{"id":500,"href":"http:\/\/www.smas.es\/index.php\/wp-json\/wp\/v2\/pages\/473\/revisions\/500"}],"wp:attachment":[{"href":"http:\/\/www.smas.es\/index.php\/wp-json\/wp\/v2\/media?parent=473"}],"curies":[{"name":"wp","href":"https:\/\/api.w.org\/{rel}","templated":true}]}}